{"id":527,"date":"2025-02-19T10:25:51","date_gmt":"2025-02-19T09:25:51","guid":{"rendered":"https:\/\/lafe.bonsaidev.nl\/?post_type=product&#038;p=527"},"modified":"2025-04-07T17:05:44","modified_gmt":"2025-04-07T15:05:44","slug":"527","status":"publish","type":"product","link":"https:\/\/www.lafecollection.nl\/fr\/product\/527\/","title":{"rendered":"Retournement"},"content":{"rendered":"<p>La base de forme organique associe un noir profond \u00e0 un ovale blanc ivoire contrast\u00e9, avec de subtils accents jaunes ocre qui lui conf\u00e8rent un aspect luxueux.<\/p>\n<p>La texture de la base ajoute de la profondeur et du caract\u00e8re, ce qui en fait un objet d'art unique. L'abat-jour jaune ocre le compl\u00e8te parfaitement et diffuse une lumi\u00e8re chaleureuse dans n'importe quelle pi\u00e8ce.<\/p>","protected":false},"excerpt":{"rendered":"<p>De organisch gevormde voet combineert diepzwart met een contrasterend ivoorwit ovaal, afgewerkt met subtiele oker gele accenten die een luxe uitstraling geven. De textuur van de voet voegt diepte en karakter toe, waardoor dit een uniek kunstobject wordt. De oker gele lampenkap complimenteert het geheel perfect en verspreidt een warme, gezellige gloed in elke ruimte.<\/p>","protected":false},"featured_media":413,"template":"","meta":{"_acf_changed":false},"thema":[46],"product_brand":[],"product_cat":[15],"product_tag":[],"class_list":{"0":"post-527","1":"product","2":"type-product","3":"status-publish","4":"has-post-thumbnail","6":"thema-large-statements","7":"product_cat-complete-sets","9":"first","10":"instock","11":"taxable","12":"shipping-taxable","13":"purchasable","14":"product-type-simple"},"bundled_by":[],"bundle_stock_status":"instock","bundle_stock_quantity":1,"bundle_virtual":false,"bundle_layout":"","bundle_add_to_cart_form_location":"","bundle_editable_in_cart":false,"bundle_sold_individually_context":"","bundle_item_grouping":"","bundle_min_size":"","bundle_max_size":"","bundle_price":[],"bundled_items":[],"bundle_sell_ids":[],"acf":[],"_links":{"self":[{"href":"https:\/\/www.lafecollection.nl\/fr\/wp-json\/wp\/v2\/product\/527","targetHints":{"allow":["GET"]}}],"collection":[{"href":"https:\/\/www.lafecollection.nl\/fr\/wp-json\/wp\/v2\/product"}],"about":[{"href":"https:\/\/www.lafecollection.nl\/fr\/wp-json\/wp\/v2\/types\/product"}],"wp:featuredmedia":[{"embeddable":true,"href":"https:\/\/www.lafecollection.nl\/fr\/wp-json\/wp\/v2\/media\/413"}],"wp:attachment":[{"href":"https:\/\/www.lafecollection.nl\/fr\/wp-json\/wp\/v2\/media?parent=527"}],"wp:term":[{"taxonomy":"thema","embeddable":true,"href":"https:\/\/www.lafecollection.nl\/fr\/wp-json\/wp\/v2\/thema?post=527"},{"taxonomy":"product_brand","embeddable":true,"href":"https:\/\/www.lafecollection.nl\/fr\/wp-json\/wp\/v2\/product_brand?post=527"},{"taxonomy":"product_cat","embeddable":true,"href":"https:\/\/www.lafecollection.nl\/fr\/wp-json\/wp\/v2\/product_cat?post=527"},{"taxonomy":"product_tag","embeddable":true,"href":"https:\/\/www.lafecollection.nl\/fr\/wp-json\/wp\/v2\/product_tag?post=527"}],"curies":[{"name":"wp","href":"https:\/\/api.w.org\/{rel}","templated":true}]}}