{"id":534,"date":"2025-02-19T10:38:16","date_gmt":"2025-02-19T09:38:16","guid":{"rendered":"https:\/\/lafe.bonsaidev.nl\/?post_type=product&#038;p=534"},"modified":"2025-04-07T17:05:44","modified_gmt":"2025-04-07T15:05:44","slug":"abel","status":"publish","type":"product","link":"https:\/\/www.lafecollection.nl\/fr\/product\/abel\/","title":{"rendered":"Abel"},"content":{"rendered":"<p>La base en c\u00e9ramique a la forme d'un pichet classique et se pare d'une couleur anthracite profonde avec de subtils d\u00e9tails de gla\u00e7ure qui contrastent magnifiquement avec la teinte chaude et terreuse. L'anse ajoute une touche ludique et authentique.<\/p>\n<p>L'abat-jour cylindrique en brun fonc\u00e9 a une texture riche qui diffuse la lumi\u00e8re chaude de mani\u00e8re atmosph\u00e9rique.<\/p>","protected":false},"excerpt":{"rendered":"<p>De keramische voet heeft de vorm van een klassieke kruik, afgewerkt in een diepe antracietkleur met subtiele glazuurdetails die een prachtig contrast vormen met de warme, aardse tint. Het handvat voegt een speels en authentiek accent toe. De cilindervormige lampenkap in donkerbruin heeft een rijke textuur die het warme licht op een sfeervolle manier verspreidt.<\/p>","protected":false},"featured_media":464,"template":"","meta":{"_acf_changed":false},"thema":[47],"product_brand":[],"product_cat":[15],"product_tag":[],"class_list":{"0":"post-534","1":"product","2":"type-product","3":"status-publish","4":"has-post-thumbnail","6":"thema-medium-magic","7":"product_cat-complete-sets","9":"first","10":"instock","11":"taxable","12":"shipping-taxable","13":"purchasable","14":"product-type-simple"},"bundled_by":[],"bundle_stock_status":"instock","bundle_stock_quantity":1,"bundle_virtual":false,"bundle_layout":"","bundle_add_to_cart_form_location":"","bundle_editable_in_cart":false,"bundle_sold_individually_context":"","bundle_item_grouping":"","bundle_min_size":"","bundle_max_size":"","bundle_price":[],"bundled_items":[],"bundle_sell_ids":[],"acf":[],"_links":{"self":[{"href":"https:\/\/www.lafecollection.nl\/fr\/wp-json\/wp\/v2\/product\/534","targetHints":{"allow":["GET"]}}],"collection":[{"href":"https:\/\/www.lafecollection.nl\/fr\/wp-json\/wp\/v2\/product"}],"about":[{"href":"https:\/\/www.lafecollection.nl\/fr\/wp-json\/wp\/v2\/types\/product"}],"wp:featuredmedia":[{"embeddable":true,"href":"https:\/\/www.lafecollection.nl\/fr\/wp-json\/wp\/v2\/media\/464"}],"wp:attachment":[{"href":"https:\/\/www.lafecollection.nl\/fr\/wp-json\/wp\/v2\/media?parent=534"}],"wp:term":[{"taxonomy":"thema","embeddable":true,"href":"https:\/\/www.lafecollection.nl\/fr\/wp-json\/wp\/v2\/thema?post=534"},{"taxonomy":"product_brand","embeddable":true,"href":"https:\/\/www.lafecollection.nl\/fr\/wp-json\/wp\/v2\/product_brand?post=534"},{"taxonomy":"product_cat","embeddable":true,"href":"https:\/\/www.lafecollection.nl\/fr\/wp-json\/wp\/v2\/product_cat?post=534"},{"taxonomy":"product_tag","embeddable":true,"href":"https:\/\/www.lafecollection.nl\/fr\/wp-json\/wp\/v2\/product_tag?post=534"}],"curies":[{"name":"wp","href":"https:\/\/api.w.org\/{rel}","templated":true}]}}