{"id":539,"date":"2025-02-19T13:02:23","date_gmt":"2025-02-19T12:02:23","guid":{"rendered":"https:\/\/lafe.bonsaidev.nl\/?post_type=product&#038;p=539"},"modified":"2025-11-04T13:39:10","modified_gmt":"2025-11-04T12:39:10","slug":"nora","status":"publish","type":"product","link":"https:\/\/www.lafecollection.nl\/fr\/product\/nora\/","title":{"rendered":"Nora"},"content":{"rendered":"<p data-start=\"0\" data-end=\"352\">La base ondul\u00e9e en c\u00e9ramique pr\u00e9sente un magnifique d\u00e9grad\u00e9 allant du jaune ensoleill\u00e9 au rose tendre, avec un gla\u00e7age subtil qui cr\u00e9e un effet chatoyant. Rappelant les couchers de soleil de l'\u00e9t\u00e9, ce design unique ajoute instantan\u00e9ment de la chaleur \u00e0 n'importe quelle pi\u00e8ce.<\/p>\n<p data-start=\"0\" data-end=\"352\">L'abat-jour cylindrique blanc cass\u00e9 est orn\u00e9 d'un d\u00e9licat motif floral qui diffuse \u00e9l\u00e9gamment la lumi\u00e8re et procure un \u00e9clairage doux et atmosph\u00e9rique.<\/p>","protected":false},"excerpt":{"rendered":"<p>De gegolfde keramische voet heeft een prachtig verloop van zonnig geel naar zacht roze, afgewerkt met een subtiele glazuur die zorgt voor een glinsterend effect. Dit unieke ontwerp doet denken aan zomerse zonsondergangen en voegt direct warmte toe aan elke ruimte. De cilindervormige lampenkap in gebroken wit heeft een verfijnd bloemenpatroon dat elegant het licht [&hellip;]<\/p>\n","protected":false},"featured_media":820,"template":"","meta":{"_acf_changed":false},"thema":[47],"product_brand":[],"product_cat":[15],"product_tag":[],"class_list":{"0":"post-539","1":"product","2":"type-product","3":"status-publish","4":"has-post-thumbnail","6":"thema-medium-magic","7":"product_cat-complete-sets","9":"first","10":"outofstock","11":"taxable","12":"shipping-taxable","13":"purchasable","14":"product-type-simple"},"bundled_by":[],"bundle_stock_status":"outofstock","bundle_stock_quantity":0,"bundle_virtual":false,"bundle_layout":"","bundle_add_to_cart_form_location":"","bundle_editable_in_cart":false,"bundle_sold_individually_context":"","bundle_item_grouping":"","bundle_min_size":"","bundle_max_size":"","bundle_price":[],"bundled_items":[],"bundle_sell_ids":[],"acf":[],"_links":{"self":[{"href":"https:\/\/www.lafecollection.nl\/fr\/wp-json\/wp\/v2\/product\/539","targetHints":{"allow":["GET"]}}],"collection":[{"href":"https:\/\/www.lafecollection.nl\/fr\/wp-json\/wp\/v2\/product"}],"about":[{"href":"https:\/\/www.lafecollection.nl\/fr\/wp-json\/wp\/v2\/types\/product"}],"wp:featuredmedia":[{"embeddable":true,"href":"https:\/\/www.lafecollection.nl\/fr\/wp-json\/wp\/v2\/media\/820"}],"wp:attachment":[{"href":"https:\/\/www.lafecollection.nl\/fr\/wp-json\/wp\/v2\/media?parent=539"}],"wp:term":[{"taxonomy":"thema","embeddable":true,"href":"https:\/\/www.lafecollection.nl\/fr\/wp-json\/wp\/v2\/thema?post=539"},{"taxonomy":"product_brand","embeddable":true,"href":"https:\/\/www.lafecollection.nl\/fr\/wp-json\/wp\/v2\/product_brand?post=539"},{"taxonomy":"product_cat","embeddable":true,"href":"https:\/\/www.lafecollection.nl\/fr\/wp-json\/wp\/v2\/product_cat?post=539"},{"taxonomy":"product_tag","embeddable":true,"href":"https:\/\/www.lafecollection.nl\/fr\/wp-json\/wp\/v2\/product_tag?post=539"}],"curies":[{"name":"wp","href":"https:\/\/api.w.org\/{rel}","templated":true}]}}