{"id":572,"date":"2025-02-19T15:37:37","date_gmt":"2025-02-19T14:37:37","guid":{"rendered":"https:\/\/lafe.bonsaidev.nl\/?post_type=product&#038;p=572"},"modified":"2025-04-07T17:05:44","modified_gmt":"2025-04-07T15:05:44","slug":"fleur","status":"publish","type":"product","link":"https:\/\/www.lafecollection.nl\/fr\/product\/bloem\/","title":{"rendered":"Papillon"},"content":{"rendered":"<p>Avec sa base chinoise en c\u00e9ramique peinte \u00e0 la main et ses motifs de papillons orn\u00e9s, cette lampe de table sophistiqu\u00e9e respire l'\u00e9l\u00e9gance intemporelle.<\/p>\n<p>La teinte rose avec des accents jaunes ajoute une touche ludique et chaleureuse. Une pi\u00e8ce d'exposition \u00e9l\u00e9gante \u00e0 l'allure orientale.<\/p>","protected":false},"excerpt":{"rendered":"<p>Deze verfijnde tafellamp met een handbeschilderde keramieken Chinese voet en sierlijke vlindermotieven straalt tijdloze elegantie uit. De roze kap met gele accenten voegt een speelse en warme touch toe. Een stijlvol pronkstuk met Oosterse allure.<\/p>","protected":false},"featured_media":573,"template":"","meta":{"_acf_changed":false},"thema":[23],"product_brand":[],"product_cat":[15],"product_tag":[],"class_list":{"0":"post-572","1":"product","2":"type-product","3":"status-publish","4":"has-post-thumbnail","6":"thema-small-stylish","7":"product_cat-complete-sets","9":"first","10":"instock","11":"taxable","12":"shipping-taxable","13":"purchasable","14":"product-type-simple"},"bundled_by":[],"bundle_stock_status":"instock","bundle_stock_quantity":1,"bundle_virtual":false,"bundle_layout":"","bundle_add_to_cart_form_location":"","bundle_editable_in_cart":false,"bundle_sold_individually_context":"","bundle_item_grouping":"","bundle_min_size":"","bundle_max_size":"","bundle_price":[],"bundled_items":[],"bundle_sell_ids":[],"acf":[],"_links":{"self":[{"href":"https:\/\/www.lafecollection.nl\/fr\/wp-json\/wp\/v2\/product\/572","targetHints":{"allow":["GET"]}}],"collection":[{"href":"https:\/\/www.lafecollection.nl\/fr\/wp-json\/wp\/v2\/product"}],"about":[{"href":"https:\/\/www.lafecollection.nl\/fr\/wp-json\/wp\/v2\/types\/product"}],"wp:featuredmedia":[{"embeddable":true,"href":"https:\/\/www.lafecollection.nl\/fr\/wp-json\/wp\/v2\/media\/573"}],"wp:attachment":[{"href":"https:\/\/www.lafecollection.nl\/fr\/wp-json\/wp\/v2\/media?parent=572"}],"wp:term":[{"taxonomy":"thema","embeddable":true,"href":"https:\/\/www.lafecollection.nl\/fr\/wp-json\/wp\/v2\/thema?post=572"},{"taxonomy":"product_brand","embeddable":true,"href":"https:\/\/www.lafecollection.nl\/fr\/wp-json\/wp\/v2\/product_brand?post=572"},{"taxonomy":"product_cat","embeddable":true,"href":"https:\/\/www.lafecollection.nl\/fr\/wp-json\/wp\/v2\/product_cat?post=572"},{"taxonomy":"product_tag","embeddable":true,"href":"https:\/\/www.lafecollection.nl\/fr\/wp-json\/wp\/v2\/product_tag?post=572"}],"curies":[{"name":"wp","href":"https:\/\/api.w.org\/{rel}","templated":true}]}}