{"id":591,"date":"2025-02-19T16:16:56","date_gmt":"2025-02-19T15:16:56","guid":{"rendered":"https:\/\/lafe.bonsaidev.nl\/?post_type=product&#038;p=591"},"modified":"2025-04-07T17:05:43","modified_gmt":"2025-04-07T15:05:43","slug":"eva","status":"publish","type":"product","link":"https:\/\/www.lafecollection.nl\/fr\/product\/eva\/","title":{"rendered":"Eva"},"content":{"rendered":"<p data-start=\"0\" data-end=\"367\">La base robuste est fabriqu\u00e9e dans un mat\u00e9riau semblable \u00e0 la pierre, avec des motifs raffin\u00e9s grav\u00e9s \u00e0 la main. L'aspect naturel et us\u00e9 par les intemp\u00e9ries conf\u00e8re un caract\u00e8re intemporel et ajoute une ambiance instantan\u00e9e \u00e0 n'importe quelle pi\u00e8ce.<\/p>\n<p data-start=\"369\" data-end=\"725\" data-is-last-node=\"\">L'abat-jour rond dans les tons blanc cass\u00e9, lilas et terre est subtilement d\u00e9cor\u00e9 d'un \u00e9l\u00e9gant motif de feuilles qui diffuse doucement la lumi\u00e8re et cr\u00e9e une lueur chaleureuse et accueillante.<\/p>","protected":false},"excerpt":{"rendered":"<p>De robuuste voet is gemaakt van steenachtig materiaal met verfijnde, hand gegraveerde patronen. De natuurlijke, verweerde look geeft een tijdloos karakter en voegt direct sfeer toe aan elke ruimte. De ronde lampenkap in gebroken wit, lila en aardse tinten is subtiel versierd met een elegant bladmotief dat het licht zacht verspreidt en zorgt voor een [&hellip;]<\/p>\n","protected":false},"featured_media":800,"template":"","meta":{"_acf_changed":false},"thema":[23],"product_brand":[],"product_cat":[15],"product_tag":[],"class_list":{"0":"post-591","1":"product","2":"type-product","3":"status-publish","4":"has-post-thumbnail","6":"thema-small-stylish","7":"product_cat-complete-sets","9":"first","10":"instock","11":"taxable","12":"shipping-taxable","13":"purchasable","14":"product-type-simple"},"bundled_by":[],"bundle_stock_status":"instock","bundle_stock_quantity":1,"bundle_virtual":false,"bundle_layout":"","bundle_add_to_cart_form_location":"","bundle_editable_in_cart":false,"bundle_sold_individually_context":"","bundle_item_grouping":"","bundle_min_size":"","bundle_max_size":"","bundle_price":[],"bundled_items":[],"bundle_sell_ids":[],"acf":[],"_links":{"self":[{"href":"https:\/\/www.lafecollection.nl\/fr\/wp-json\/wp\/v2\/product\/591","targetHints":{"allow":["GET"]}}],"collection":[{"href":"https:\/\/www.lafecollection.nl\/fr\/wp-json\/wp\/v2\/product"}],"about":[{"href":"https:\/\/www.lafecollection.nl\/fr\/wp-json\/wp\/v2\/types\/product"}],"wp:featuredmedia":[{"embeddable":true,"href":"https:\/\/www.lafecollection.nl\/fr\/wp-json\/wp\/v2\/media\/800"}],"wp:attachment":[{"href":"https:\/\/www.lafecollection.nl\/fr\/wp-json\/wp\/v2\/media?parent=591"}],"wp:term":[{"taxonomy":"thema","embeddable":true,"href":"https:\/\/www.lafecollection.nl\/fr\/wp-json\/wp\/v2\/thema?post=591"},{"taxonomy":"product_brand","embeddable":true,"href":"https:\/\/www.lafecollection.nl\/fr\/wp-json\/wp\/v2\/product_brand?post=591"},{"taxonomy":"product_cat","embeddable":true,"href":"https:\/\/www.lafecollection.nl\/fr\/wp-json\/wp\/v2\/product_cat?post=591"},{"taxonomy":"product_tag","embeddable":true,"href":"https:\/\/www.lafecollection.nl\/fr\/wp-json\/wp\/v2\/product_tag?post=591"}],"curies":[{"name":"wp","href":"https:\/\/api.w.org\/{rel}","templated":true}]}}